{"id":2,"date":"2025-09-01T12:17:51","date_gmt":"2025-09-01T12:17:51","guid":{"rendered":"https:\/\/neumayer-immo.at\/?page_id=2"},"modified":"2025-12-05T08:23:54","modified_gmt":"2025-12-05T08:23:54","slug":"sample-page","status":"publish","type":"page","link":"https:\/\/neumayer-immo.at\/","title":{"rendered":"Startseite"},"content":{"rendered":"<p>[et_pb_section fb_built=&#8220;1&#8243; admin_label=&#8220;Header&#8220; _builder_version=&#8220;4.27.4&#8243; _module_preset=&#8220;default&#8220; background_color=&#8220;gcid-primary-color&#8220; use_background_color_gradient=&#8220;on&#8220; background_color_gradient_stops=&#8220;rgba(19,60,43,0.62) 0%|rgba(19, 60, 43, 0.86) 75%|gcid-primary-color 100%&#8220; background_color_gradient_overlays_image=&#8220;on&#8220; background_image=&#8220;https:\/\/neumayer-immo.at\/wp-content\/uploads\/2025\/09\/DJI_0048_2-scaled.jpg&#8220; custom_padding=&#8220;9vw||9vw||true|false&#8220; collapsed=&#8220;on&#8220; global_colors_info=&#8220;{%22gcid-9fa4a1b6-767d-41ca-984c-a6f10449c843%22:%91%22background_color_gradient_stops%22%93,%22gcid-primary-color%22:%91%22background_color_gradient_stops%22,%22background_color%22%93}&#8220;][et_pb_row _builder_version=&#8220;4.20.0&#8243; _module_preset=&#8220;default&#8220; max_width=&#8220;800px&#8220; global_colors_info=&#8220;{}&#8220;][et_pb_column type=&#8220;4_4&#8243; _builder_version=&#8220;4.20.0&#8243; _module_preset=&#8220;default&#8220; global_colors_info=&#8220;{}&#8220;][et_pb_image src=&#8220;https:\/\/neumayer-immo.at\/wp-content\/uploads\/2025\/09\/Neumayer-Immobilien_Logo_202302_Green.png&#8220; title_text=&#8220;Neumayer Immobilien_Logo_202302_Green&#8220; _builder_version=&#8220;4.27.4&#8243; _module_preset=&#8220;default&#8220; global_colors_info=&#8220;{}&#8220;][\/et_pb_image][\/et_pb_column][\/et_pb_row][\/et_pb_section][et_pb_section fb_built=&#8220;1&#8243; admin_label=&#8220;Services&#8220; _builder_version=&#8220;4.27.4&#8243; _module_preset=&#8220;default&#8220; background_color=&#8220;gcid-secondary-color&#8220; collapsed=&#8220;on&#8220; global_colors_info=&#8220;{%22gcid-2f3f3e09-0a26-4ea7-8906-5e1128945e3f%22:%91%22background_color_gradient_stops%22%93,%22gcid-9fa4a1b6-767d-41ca-984c-a6f10449c843%22:%91%22background_color_gradient_stops%22%93,%22gcid-secondary-color%22:%91%22background_color%22%93}&#8220;][et_pb_row column_structure=&#8220;1_3,1_3,1_3&#8243; _builder_version=&#8220;4.20.0&#8243; _module_preset=&#8220;default&#8220; global_colors_info=&#8220;{}&#8220;][et_pb_column type=&#8220;1_3&#8243; _builder_version=&#8220;4.20.0&#8243; _module_preset=&#8220;default&#8220; global_colors_info=&#8220;{}&#8220;][et_pb_image src=&#8220;https:\/\/neumayer-immo.at\/wp-content\/uploads\/2025\/09\/sketch.png&#8220; title_text=&#8220;sketch&#8220; align=&#8220;center&#8220; _builder_version=&#8220;4.27.4&#8243; _module_preset=&#8220;default&#8220; width=&#8220;35%&#8220; global_colors_info=&#8220;{}&#8220;][\/et_pb_image][et_pb_text _builder_version=&#8220;4.27.4&#8243; _module_preset=&#8220;946372fb-195e-47b7-a6fb-c15ed3f5c0ff&#8220; text_font=&#8220;Playfair Display||||||||&#8220; text_text_color=&#8220;gcid-heading-color&#8220; text_font_size=&#8220;15px&#8220; header_4_font=&#8220;Playfair Display|600||on|||||&#8220; header_4_font_size=&#8220;30px&#8220; text_orientation=&#8220;center&#8220; header_4_font_size_tablet=&#8220;22px&#8220; header_4_font_size_phone=&#8220;22px&#8220; global_module=&#8220;174&#8243; saved_tabs=&#8220;all&#8220; global_colors_info=&#8220;{%22gcid-heading-color%22:%91%22text_text_color%22%93,%22gcid-11d3dbbb-f6dc-4fb8-929b-9d6994368d00%22:%91%22header_4_text_color%22%93}&#8220;]<\/p>\n<h4>Projekte<\/h4>\n<p>[\/et_pb_text][et_pb_text _builder_version=&#8220;4.27.4&#8243; _module_preset=&#8220;1e6da219-7969-4d0d-adcf-2b5b1ea90595&#8243; text_font=&#8220;Manrope||||||||&#8220; text_text_color=&#8220;gcid-9fa4a1b6-767d-41ca-984c-a6f10449c843&#8243; text_orientation=&#8220;center&#8220; custom_padding=&#8220;||19px|||&#8220; global_colors_info=&#8220;{%22gcid-9fa4a1b6-767d-41ca-984c-a6f10449c843%22:%91%22text_text_color%22%93}&#8220;]<\/p>\n<p><span>Entwicklung hochwertiger, \u00e4sthetischer und durchdachter Wohnbauprojekte im Raum Kufstein und Tirol<\/span><\/p>\n<p>[\/et_pb_text][et_pb_button button_url=&#8220;@ET-DC@eyJkeW5hbWljIjp0cnVlLCJjb250ZW50IjoicG9zdF9saW5rX3VybF9wYWdlIiwic2V0dGluZ3MiOnsicG9zdF9pZCI6IjMyIn19@&#8220; button_text=&#8220;AKTUELLE PROJEKTE&#8220; button_alignment=&#8220;center&#8220; _builder_version=&#8220;4.27.4&#8243; _dynamic_attributes=&#8220;button_url&#8220; _module_preset=&#8220;default&#8220; custom_button=&#8220;on&#8220; button_text_size=&#8220;18px&#8220; button_text_color=&#8220;gcid-primary-color&#8220; button_bg_color=&#8220;gcid-11d3dbbb-f6dc-4fb8-929b-9d6994368d00&#8243; button_border_width=&#8220;0px&#8220; button_border_radius=&#8220;25px&#8220; button_letter_spacing=&#8220;4px&#8220; button_font=&#8220;Manrope|600|||||||&#8220; button_use_icon=&#8220;off&#8220; background_layout=&#8220;dark&#8220; global_colors_info=&#8220;{%22gcid-11d3dbbb-f6dc-4fb8-929b-9d6994368d00%22:%91%22button_bg_color%22%93,%22gcid-primary-color%22:%91%22button_text_color%22%93}&#8220;][\/et_pb_button][\/et_pb_column][et_pb_column type=&#8220;1_3&#8243; _builder_version=&#8220;4.20.0&#8243; _module_preset=&#8220;default&#8220; global_colors_info=&#8220;{}&#8220;][et_pb_image src=&#8220;https:\/\/neumayer-immo.at\/wp-content\/uploads\/2025\/09\/house-key-1.png&#8220; title_text=&#8220;house-key (1)&#8220; align=&#8220;center&#8220; _builder_version=&#8220;4.27.4&#8243; _module_preset=&#8220;default&#8220; width=&#8220;35%&#8220; max_width=&#8220;100%&#8220; max_width_tablet=&#8220;25%&#8220; max_width_phone=&#8220;55%&#8220; max_width_last_edited=&#8220;on|tablet&#8220; global_colors_info=&#8220;{}&#8220;][\/et_pb_image][et_pb_text _builder_version=&#8220;4.27.4&#8243; _module_preset=&#8220;946372fb-195e-47b7-a6fb-c15ed3f5c0ff&#8220; text_font=&#8220;Playfair Display||||||||&#8220; text_text_color=&#8220;gcid-heading-color&#8220; text_font_size=&#8220;15px&#8220; header_4_font=&#8220;Playfair Display|600||on|||||&#8220; header_4_font_size=&#8220;30px&#8220; text_orientation=&#8220;center&#8220; header_4_font_size_tablet=&#8220;22px&#8220; header_4_font_size_phone=&#8220;22px&#8220; global_module=&#8220;174&#8243; saved_tabs=&#8220;all&#8220; global_colors_info=&#8220;{%22gcid-heading-color%22:%91%22text_text_color%22%93,%22gcid-11d3dbbb-f6dc-4fb8-929b-9d6994368d00%22:%91%22header_4_text_color%22%93}&#8220;]<\/p>\n<h4>Freie Einheiten<\/h4>\n<p>[\/et_pb_text][et_pb_text _builder_version=&#8220;4.27.4&#8243; _module_preset=&#8220;1e6da219-7969-4d0d-adcf-2b5b1ea90595&#8243; text_text_color=&#8220;gcid-9fa4a1b6-767d-41ca-984c-a6f10449c843&#8243; text_orientation=&#8220;center&#8220; custom_margin=&#8220;||72px|||&#8220; global_colors_info=&#8220;{%22gcid-9fa4a1b6-767d-41ca-984c-a6f10449c843%22:%91%22text_text_color%22%93}&#8220;]<\/p>\n<p><span>Finden Sie Ihre Traumimmobilie zum Kauf oder zur Miete<\/span><\/p>\n<p>[\/et_pb_text][et_pb_button button_url=&#8220;@ET-DC@eyJkeW5hbWljIjp0cnVlLCJjb250ZW50IjoicG9zdF9saW5rX3VybF9wYWdlIiwic2V0dGluZ3MiOnsicG9zdF9pZCI6IjI0NyJ9fQ==@&#8220; button_text=&#8220;FREIE EINHEITEN&#8220; button_alignment=&#8220;center&#8220; _builder_version=&#8220;4.27.4&#8243; _dynamic_attributes=&#8220;button_url&#8220; _module_preset=&#8220;default&#8220; custom_button=&#8220;on&#8220; button_text_size=&#8220;18px&#8220; button_text_color=&#8220;gcid-primary-color&#8220; button_bg_color=&#8220;gcid-11d3dbbb-f6dc-4fb8-929b-9d6994368d00&#8243; button_border_width=&#8220;0px&#8220; button_border_radius=&#8220;25px&#8220; button_letter_spacing=&#8220;4px&#8220; button_font=&#8220;Manrope|600|||||||&#8220; button_use_icon=&#8220;off&#8220; background_layout=&#8220;dark&#8220; global_colors_info=&#8220;{%22gcid-11d3dbbb-f6dc-4fb8-929b-9d6994368d00%22:%91%22button_bg_color%22%93,%22gcid-primary-color%22:%91%22button_text_color%22%93}&#8220;][\/et_pb_button][\/et_pb_column][et_pb_column type=&#8220;1_3&#8243; _builder_version=&#8220;4.20.0&#8243; _module_preset=&#8220;default&#8220; global_colors_info=&#8220;{}&#8220;][et_pb_image src=&#8220;https:\/\/neumayer-immo.at\/wp-content\/uploads\/2025\/09\/clipboard-1.png&#8220; title_text=&#8220;clipboard (1)&#8220; align=&#8220;center&#8220; _builder_version=&#8220;4.27.4&#8243; _module_preset=&#8220;default&#8220; width=&#8220;35%&#8220; max_width_tablet=&#8220;25%&#8220; max_width_phone=&#8220;55%&#8220; max_width_last_edited=&#8220;on|tablet&#8220; global_colors_info=&#8220;{}&#8220;][\/et_pb_image][et_pb_text _builder_version=&#8220;4.27.4&#8243; _module_preset=&#8220;946372fb-195e-47b7-a6fb-c15ed3f5c0ff&#8220; text_font=&#8220;Playfair Display||||||||&#8220; text_text_color=&#8220;gcid-heading-color&#8220; text_font_size=&#8220;15px&#8220; header_4_font=&#8220;Playfair Display|600||on|||||&#8220; header_4_font_size=&#8220;30px&#8220; text_orientation=&#8220;center&#8220; header_4_font_size_tablet=&#8220;22px&#8220; header_4_font_size_phone=&#8220;22px&#8220; global_module=&#8220;174&#8243; saved_tabs=&#8220;all&#8220; global_colors_info=&#8220;{%22gcid-heading-color%22:%91%22text_text_color%22%93,%22gcid-11d3dbbb-f6dc-4fb8-929b-9d6994368d00%22:%91%22header_4_text_color%22%93}&#8220;]<\/p>\n<h4>Service<\/h4>\n<p>[\/et_pb_text][et_pb_text _builder_version=&#8220;4.27.4&#8243; _module_preset=&#8220;1e6da219-7969-4d0d-adcf-2b5b1ea90595&#8243; text_text_color=&#8220;gcid-9fa4a1b6-767d-41ca-984c-a6f10449c843&#8243; header_text_color=&#8220;gcid-9fa4a1b6-767d-41ca-984c-a6f10449c843&#8243; text_orientation=&#8220;center&#8220; custom_padding=&#8220;||15px||false|false&#8220; global_colors_info=&#8220;{%22gcid-9fa4a1b6-767d-41ca-984c-a6f10449c843%22:%91%22header_text_color%22,%22text_text_color%22%93}&#8220;]<\/p>\n<p><span>Damit Sie Ihre neuen R\u00e4umlichkeiten genie\u00dfen k\u00f6nnen, finden Sie hier hilfreiche Links &amp; Downloads zu wichtigen Themen rund ums Wohnen.<\/span><\/p>\n<p>[\/et_pb_text][et_pb_button button_url=&#8220;@ET-DC@eyJkeW5hbWljIjp0cnVlLCJjb250ZW50IjoicG9zdF9saW5rX3VybF9wYWdlIiwic2V0dGluZ3MiOnsicG9zdF9pZCI6IjM0In19@&#8220; button_text=&#8220;SERVICE&#8220; button_alignment=&#8220;center&#8220; _builder_version=&#8220;4.27.4&#8243; _dynamic_attributes=&#8220;button_url&#8220; _module_preset=&#8220;default&#8220; custom_button=&#8220;on&#8220; button_text_size=&#8220;18px&#8220; button_text_color=&#8220;gcid-primary-color&#8220; button_bg_color=&#8220;gcid-11d3dbbb-f6dc-4fb8-929b-9d6994368d00&#8243; button_border_width=&#8220;0px&#8220; button_border_radius=&#8220;25px&#8220; button_letter_spacing=&#8220;4px&#8220; button_font=&#8220;Manrope|600|||||||&#8220; button_use_icon=&#8220;off&#8220; background_layout=&#8220;dark&#8220; global_colors_info=&#8220;{%22gcid-11d3dbbb-f6dc-4fb8-929b-9d6994368d00%22:%91%22button_bg_color%22%93,%22gcid-primary-color%22:%91%22button_text_color%22%93}&#8220;][\/et_pb_button][\/et_pb_column][\/et_pb_row][\/et_pb_section][et_pb_section fb_built=&#8220;1&#8243; admin_label=&#8220;Footer&#8220; _builder_version=&#8220;4.27.4&#8243; _module_preset=&#8220;default&#8220; background_color=&#8220;gcid-body-color&#8220; use_background_color_gradient=&#8220;on&#8220; background_color_gradient_direction=&#8220;360deg&#8220; background_color_gradient_stops=&#8220;rgba(19,60,43,0.62) 0%|rgba(19, 60, 43, 0.86) 0%|gcid-primary-color 100%&#8220; background_color_gradient_overlays_image=&#8220;on&#8220; background_image=&#8220;https:\/\/neumayer-immo.at\/wp-content\/uploads\/2025\/09\/paper-texture.jpg&#8220; saved_tabs=&#8220;all&#8220; collapsed=&#8220;on&#8220; global_colors_info=&#8220;{%22gcid-9fa4a1b6-767d-41ca-984c-a6f10449c843%22:%91%22background_color_gradient_stops%22%93,%22gcid-primary-color%22:%91%22background_color_gradient_stops%22%93,%22gcid-body-color%22:%91%22background_color%22%93}&#8220; theme_builder_area=&#8220;post_content&#8220;][et_pb_row column_structure=&#8220;1_3,1_3,1_3&#8243; _builder_version=&#8220;4.20.0&#8243; _module_preset=&#8220;default&#8220; global_colors_info=&#8220;{}&#8220; theme_builder_area=&#8220;post_content&#8220;][et_pb_column type=&#8220;1_3&#8243; _builder_version=&#8220;4.20.0&#8243; _module_preset=&#8220;default&#8220; global_colors_info=&#8220;{}&#8220; theme_builder_area=&#8220;post_content&#8220;][et_pb_text _builder_version=&#8220;4.27.4&#8243; _module_preset=&#8220;946372fb-195e-47b7-a6fb-c15ed3f5c0ff&#8220; text_font=&#8220;Playfair Display||||||||&#8220; text_text_color=&#8220;gcid-heading-color&#8220; text_font_size=&#8220;15px&#8220; header_4_font=&#8220;Playfair Display|600||on|||||&#8220; header_4_font_size=&#8220;26px&#8220; text_orientation=&#8220;center&#8220; header_4_font_size_tablet=&#8220;22px&#8220; header_4_font_size_phone=&#8220;22px&#8220; global_colors_info=&#8220;{%22gcid-heading-color%22:%91%22text_text_color%22%93,%22gcid-11d3dbbb-f6dc-4fb8-929b-9d6994368d00%22:%91%22header_4_text_color%22%93}&#8220; theme_builder_area=&#8220;post_content&#8220;]<\/p>\n<h4>KONTAKT<\/h4>\n<p>[\/et_pb_text][et_pb_text _builder_version=&#8220;4.27.4&#8243; _module_preset=&#8220;ee53ab0e-a1c1-42d9-a36b-9a89391c2147&#8243; text_font=&#8220;Manrope||||||||&#8220; text_text_color=&#8220;#FFFFFF&#8220; text_line_height=&#8220;1.6em&#8220; custom_margin=&#8220;||10px||false|false&#8220; global_colors_info=&#8220;{}&#8220; theme_builder_area=&#8220;post_content&#8220;]<\/p>\n<div class=\"et_pb_module et_pb_text et_pb_text_6  et_pb_text_align_center et_pb_bg_layout_light\" style=\"text-align: center;\">\n<div class=\"et_pb_text_inner\"><\/div>\n<\/div>\n<div class=\"et_pb_module et_pb_text et_pb_text_7 et_clickable  et_pb_text_align_center et_pb_bg_layout_light\" style=\"text-align: center;\">\n<div class=\"et_pb_text_inner\">\n<p>Neumayer Immobilien GmbH<\/p>\n<p>Oskar Pirlo Stra\u00dfe 11<\/p>\n<p>A-6330 Kufstein, Austria<\/p>\n<\/div>\n<\/div>\n<div class=\"et_pb_module et_pb_text et_pb_text_8  et_pb_text_align_center et_pb_bg_layout_light\" style=\"text-align: center;\">\n<div class=\"et_pb_text_inner\">\n<p>+43 5372 21939<\/p>\n<p><span style=\"font-size: 16px;\">info@neumayer-immo.at<\/span><\/p>\n<\/div>\n<\/div>\n<p>[\/et_pb_text][\/et_pb_column][et_pb_column type=&#8220;1_3&#8243; _builder_version=&#8220;4.20.0&#8243; _module_preset=&#8220;default&#8220; global_colors_info=&#8220;{}&#8220; theme_builder_area=&#8220;post_content&#8220;][et_pb_image src=&#8220;https:\/\/neumayer-immo.at\/wp-content\/uploads\/2025\/09\/Neumayer-Immobilien_Logo_202302_Green.png&#8220; title_text=&#8220;Neumayer Immobilien_Logo_202302_Green&#8220; align=&#8220;center&#8220; _builder_version=&#8220;4.27.4&#8243; _module_preset=&#8220;default&#8220; max_height=&#8220;262px&#8220; global_colors_info=&#8220;{}&#8220; theme_builder_area=&#8220;post_content&#8220;][\/et_pb_image][et_pb_social_media_follow icon_color=&#8220;#000000&#8243; _builder_version=&#8220;4.27.4&#8243; _module_preset=&#8220;default&#8220; text_orientation=&#8220;center&#8220; custom_margin=&#8220;||||false|false&#8220; border_radii=&#8220;on|100px|100px|100px|100px&#8220; locked=&#8220;off&#8220; global_colors_info=&#8220;{}&#8220; theme_builder_area=&#8220;post_content&#8220;][et_pb_social_media_follow_network social_network=&#8220;facebook&#8220; url=&#8220;https:\/\/www.facebook.com\/p\/Neumayer-Immobilien-61568574782807\/&#8220; _builder_version=&#8220;4.27.4&#8243; _module_preset=&#8220;default&#8220; background_color=&#8220;gcid-11d3dbbb-f6dc-4fb8-929b-9d6994368d00&#8243; background_enable_color=&#8220;on&#8220; custom_padding=&#8220;8px|8px|8px|8px|true|true&#8220; global_colors_info=&#8220;{%22gcid-11d3dbbb-f6dc-4fb8-929b-9d6994368d00%22:%91%22background_color%22%93}&#8220; theme_builder_area=&#8220;post_content&#8220; follow_button=&#8220;off&#8220; url_new_window=&#8220;on&#8220;]facebook[\/et_pb_social_media_follow_network][et_pb_social_media_follow_network social_network=&#8220;instagram&#8220; url=&#8220;https:\/\/www.instagram.com\/neumayer_immo\/&#8220; _builder_version=&#8220;4.27.4&#8243; _module_preset=&#8220;default&#8220; background_color=&#8220;gcid-11d3dbbb-f6dc-4fb8-929b-9d6994368d00&#8243; background_enable_color=&#8220;on&#8220; custom_padding=&#8220;8px|8px|8px|8px|true|true&#8220; global_colors_info=&#8220;{%22gcid-11d3dbbb-f6dc-4fb8-929b-9d6994368d00%22:%91%22background_color%22%93}&#8220; theme_builder_area=&#8220;post_content&#8220; follow_button=&#8220;off&#8220; url_new_window=&#8220;on&#8220;]instagram[\/et_pb_social_media_follow_network][et_pb_social_media_follow_network social_network=&#8220;linkedin&#8220; url=&#8220;https:\/\/www.linkedin.com\/company\/neumayer-immo\/?viewAsMember=true&#8220; _builder_version=&#8220;4.27.4&#8243; _module_preset=&#8220;default&#8220; background_color=&#8220;gcid-11d3dbbb-f6dc-4fb8-929b-9d6994368d00&#8243; background_enable_color=&#8220;on&#8220; custom_padding=&#8220;8px|8px|8px|8px|true|true&#8220; global_colors_info=&#8220;{%22gcid-11d3dbbb-f6dc-4fb8-929b-9d6994368d00%22:%91%22background_color%22%93}&#8220; theme_builder_area=&#8220;post_content&#8220; follow_button=&#8220;off&#8220; url_new_window=&#8220;on&#8220;]linkedin[\/et_pb_social_media_follow_network][\/et_pb_social_media_follow][\/et_pb_column][et_pb_column type=&#8220;1_3&#8243; _builder_version=&#8220;4.20.0&#8243; _module_preset=&#8220;default&#8220; global_colors_info=&#8220;{}&#8220; theme_builder_area=&#8220;post_content&#8220;][et_pb_text _builder_version=&#8220;4.27.4&#8243; _module_preset=&#8220;946372fb-195e-47b7-a6fb-c15ed3f5c0ff&#8220; header_4_font=&#8220;Playfair Display|600||on|||||&#8220; header_4_font_size=&#8220;26px&#8220; text_orientation=&#8220;center&#8220; header_4_font_size_tablet=&#8220;22px&#8220; header_4_font_size_phone=&#8220;22px&#8220; locked=&#8220;off&#8220; global_colors_info=&#8220;{%22gcid-heading-color%22:%91%22text_text_color%22%93,%22gcid-11d3dbbb-f6dc-4fb8-929b-9d6994368d00%22:%91%22header_4_text_color%22%93}&#8220; theme_builder_area=&#8220;post_content&#8220;]<\/p>\n<h4>\u00d6FFNUNGSZEITEN<\/h4>\n<p>[\/et_pb_text][et_pb_text _builder_version=&#8220;4.27.4&#8243; _module_preset=&#8220;ee53ab0e-a1c1-42d9-a36b-9a89391c2147&#8243; text_font=&#8220;Manrope||||||||&#8220; text_text_color=&#8220;#FFFFFF&#8220; text_line_height=&#8220;1.6em&#8220; locked=&#8220;off&#8220; global_colors_info=&#8220;{}&#8220; theme_builder_area=&#8220;post_content&#8220;]<\/p>\n<div class=\"et_pb_module et_pb_text et_pb_text_11  et_pb_text_align_center et_pb_bg_layout_light\">\n<div class=\"et_pb_text_inner\">\n<p>Pers\u00f6nliche Termine nach Vereinbarung<\/p>\n<\/div>\n<\/div>\n<div class=\"et_pb_module et_pb_text et_pb_text_12  et_pb_text_align_center et_pb_bg_layout_light\">\n<div class=\"et_pb_text_inner\">\n<p>Tel.: MO-FR 09:00 &#8211; 12:00 &amp; 14:00 &#8211; 17:30<\/p>\n<\/div>\n<\/div>\n<div class=\"et_pb_module et_pb_text et_pb_text_13 et_clickable  et_pb_text_align_center et_pb_bg_layout_light\">\n<div class=\"et_pb_text_inner\"><\/div>\n<\/div>\n<p>[\/et_pb_text][et_pb_text _builder_version=&#8220;4.27.4&#8243; _dynamic_attributes=&#8220;link_option_url&#8220; _module_preset=&#8220;946372fb-195e-47b7-a6fb-c15ed3f5c0ff&#8220; header_4_font=&#8220;Playfair Display|600||on|||||&#8220; header_4_font_size=&#8220;26px&#8220; text_orientation=&#8220;center&#8220; link_option_url=&#8220;@ET-DC@eyJkeW5hbWljIjp0cnVlLCJjb250ZW50IjoicG9zdF9saW5rX3VybF9wYWdlIiwic2V0dGluZ3MiOnsicG9zdF9pZCI6IjM4In19@&#8220; header_4_font_size_tablet=&#8220;22px&#8220; header_4_font_size_phone=&#8220;22px&#8220; locked=&#8220;off&#8220; global_colors_info=&#8220;{%22gcid-heading-color%22:%91%22text_text_color%22%93,%22gcid-11d3dbbb-f6dc-4fb8-929b-9d6994368d00%22:%91%22header_4_text_color%22%93}&#8220; theme_builder_area=&#8220;post_content&#8220;]<\/p>\n<h4>IMPRESSUM<\/h4>\n<p>[\/et_pb_text][et_pb_text _builder_version=&#8220;4.27.4&#8243; _dynamic_attributes=&#8220;link_option_url&#8220; _module_preset=&#8220;946372fb-195e-47b7-a6fb-c15ed3f5c0ff&#8220; header_4_font=&#8220;Playfair Display|600||on|||||&#8220; header_4_font_size=&#8220;26px&#8220; text_orientation=&#8220;center&#8220; link_option_url=&#8220;@ET-DC@eyJkeW5hbWljIjp0cnVlLCJjb250ZW50IjoicG9zdF9saW5rX3VybF9wYWdlIiwic2V0dGluZ3MiOnsicG9zdF9pZCI6IjEyMyJ9fQ==@&#8220; header_4_font_size_tablet=&#8220;22px&#8220; header_4_font_size_phone=&#8220;22px&#8220; header_4_font_size_last_edited=&#8220;on|phone&#8220; locked=&#8220;off&#8220; global_colors_info=&#8220;{%22gcid-heading-color%22:%91%22text_text_color%22%93,%22gcid-11d3dbbb-f6dc-4fb8-929b-9d6994368d00%22:%91%22header_4_text_color%22%93}&#8220; theme_builder_area=&#8220;post_content&#8220;]<\/p>\n<h4>DATENSCHUTZ<\/h4>\n<p>[\/et_pb_text][\/et_pb_column][\/et_pb_row][\/et_pb_section]<\/p>\n","protected":false},"excerpt":{"rendered":"<p>ProjekteEntwicklung hochwertiger, \u00e4sthetischer und durchdachter Wohnbauprojekte im Raum Kufstein und TirolFreie EinheitenFinden Sie Ihre Traumimmobilie zum Kauf oder zur MieteServiceDamit Sie Ihre neuen R\u00e4umlichkeiten genie\u00dfen k\u00f6nnen, finden Sie hier hilfreiche Links &amp; Downloads zu wichtigen Themen rund ums Wohnen.KONTAKT Neumayer Immobilien GmbH Oskar Pirlo Stra\u00dfe 11 A-6330 Kufstein, Austria +43 5372 21939 info@neumayer-immo.at \u00d6FFNUNGSZEITEN Pers\u00f6nliche [&hellip;]<\/p>\n","protected":false},"author":1,"featured_media":0,"parent":0,"menu_order":0,"comment_status":"closed","ping_status":"open","template":"","meta":{"_et_pb_use_builder":"on","_et_pb_old_content":"<!-- wp:paragraph -->\n<p>This is an example page. It's different from a blog post because it will stay in one place and will show up in your site navigation (in most themes). Most people start with an About page that introduces them to potential site visitors. It might say something like this:<\/p>\n<!-- \/wp:paragraph -->\n\n<!-- wp:quote -->\n<blockquote class=\"wp-block-quote\"><p>Hi there! I'm a bike messenger by day, aspiring actor by night, and this is my website. I live in Los Angeles, have a great dog named Jack, and I like pi&#241;a coladas. (And gettin' caught in the rain.)<\/p><\/blockquote>\n<!-- \/wp:quote -->\n\n<!-- wp:paragraph -->\n<p>...or something like this:<\/p>\n<!-- \/wp:paragraph -->\n\n<!-- wp:quote -->\n<blockquote class=\"wp-block-quote\"><p>The XYZ Doohickey Company was founded in 1971, and has been providing quality doohickeys to the public ever since. Located in Gotham City, XYZ employs over 2,000 people and does all kinds of awesome things for the Gotham community.<\/p><\/blockquote>\n<!-- \/wp:quote -->\n\n<!-- wp:paragraph -->\n<p>As a new WordPress user, you should go to <a href=\"https:\/\/neumayer-immo.at\/wp-admin\/\">your dashboard<\/a> to delete this page and create new pages for your content. Have fun!<\/p>\n<!-- \/wp:paragraph -->","_et_gb_content_width":"1080","footnotes":""},"class_list":["post-2","page","type-page","status-publish","hentry"],"_links":{"self":[{"href":"https:\/\/neumayer-immo.at\/index.php\/wp-json\/wp\/v2\/pages\/2","targetHints":{"allow":["GET"]}}],"collection":[{"href":"https:\/\/neumayer-immo.at\/index.php\/wp-json\/wp\/v2\/pages"}],"about":[{"href":"https:\/\/neumayer-immo.at\/index.php\/wp-json\/wp\/v2\/types\/page"}],"author":[{"embeddable":true,"href":"https:\/\/neumayer-immo.at\/index.php\/wp-json\/wp\/v2\/users\/1"}],"replies":[{"embeddable":true,"href":"https:\/\/neumayer-immo.at\/index.php\/wp-json\/wp\/v2\/comments?post=2"}],"version-history":[{"count":4,"href":"https:\/\/neumayer-immo.at\/index.php\/wp-json\/wp\/v2\/pages\/2\/revisions"}],"predecessor-version":[{"id":438,"href":"https:\/\/neumayer-immo.at\/index.php\/wp-json\/wp\/v2\/pages\/2\/revisions\/438"}],"wp:attachment":[{"href":"https:\/\/neumayer-immo.at\/index.php\/wp-json\/wp\/v2\/media?parent=2"}],"curies":[{"name":"wp","href":"https:\/\/api.w.org\/{rel}","templated":true}]}}