{"id":247,"date":"2025-09-11T19:41:16","date_gmt":"2025-09-11T19:41:16","guid":{"rendered":"https:\/\/neumayer-immo.at\/index.php\/freie-einheiten-2\/"},"modified":"2025-12-05T08:18:03","modified_gmt":"2025-12-05T08:18:03","slug":"freie-einheiten-2","status":"publish","type":"page","link":"https:\/\/neumayer-immo.at\/index.php\/freie-einheiten-2\/","title":{"rendered":"Freie Einheiten leer"},"content":{"rendered":"<p>[et_pb_section fb_built=&#8220;1&#8243; admin_label=&#8220;Header&#8220; _builder_version=&#8220;4.27.4&#8243; _module_preset=&#8220;default&#8220; background_enable_color=&#8220;off&#8220; use_background_color_gradient=&#8220;on&#8220; background_color_gradient_stops=&#8220;rgba(19,60,43,0.75) 0%|rgba(19,60,43,0.75) 100%&#8220; background_color_gradient_overlays_image=&#8220;on&#8220; background_image=&#8220;https:\/\/neumayer-immo.at\/wp-content\/uploads\/2025\/09\/DJI_0063_2-scaled.jpg&#8220; locked=&#8220;off&#8220; collapsed=&#8220;on&#8220; global_colors_info=&#8220;{%22gcid-2f3f3e09-0a26-4ea7-8906-5e1128945e3f%22:%91%22background_color%22%93}&#8220;][et_pb_row _builder_version=&#8220;4.20.0&#8243; _module_preset=&#8220;default&#8220; global_colors_info=&#8220;{}&#8220;][et_pb_column type=&#8220;4_4&#8243; _builder_version=&#8220;4.20.0&#8243; _module_preset=&#8220;default&#8220; global_colors_info=&#8220;{}&#8220;][et_pb_text _builder_version=&#8220;4.27.4&#8243; _module_preset=&#8220;88ec3d1d-b9e6-46ac-baca-42e70561d167&#8243; header_font=&#8220;Playfair Display|600||on|||||&#8220; header_text_color=&#8220;gcid-11d3dbbb-f6dc-4fb8-929b-9d6994368d00&#8243; text_orientation=&#8220;center&#8220; header_font_size_phone=&#8220;37px&#8220; global_colors_info=&#8220;{%22gcid-11d3dbbb-f6dc-4fb8-929b-9d6994368d00%22:%91%22header_text_color%22%93}&#8220;]<\/p>\n<h1>Freie Einheiten<\/h1>\n<p>[\/et_pb_text][\/et_pb_column][\/et_pb_row][\/et_pb_section][et_pb_section fb_built=&#8220;1&#8243; admin_label=&#8220;Blog&#8220; _builder_version=&#8220;4.27.4&#8243; _module_preset=&#8220;default&#8220; background_color=&#8220;gcid-71447d46-9a39-4c34-a600-99b40a414138&#8243; custom_padding=&#8220;||32px|||&#8220; collapsed=&#8220;off&#8220; global_colors_info=&#8220;{%22gcid-71447d46-9a39-4c34-a600-99b40a414138%22:%91%22background_color%22%93}&#8220;][et_pb_row _builder_version=&#8220;4.27.4&#8243; _module_preset=&#8220;default&#8220; global_colors_info=&#8220;{}&#8220;][et_pb_column type=&#8220;4_4&#8243; _builder_version=&#8220;4.27.4&#8243; _module_preset=&#8220;default&#8220; global_colors_info=&#8220;{}&#8220;][et_pb_heading title=&#8220;Neumayer Stadth\u00e4user &#8211; Haus B&#8220; _builder_version=&#8220;4.27.4&#8243; _module_preset=&#8220;default&#8220; title_font=&#8220;Manrope|700|||on|||gcid-9fa4a1b6-767d-41ca-984c-a6f10449c843|&#8220; title_text_align=&#8220;center&#8220; title_text_color=&#8220;gcid-9fa4a1b6-767d-41ca-984c-a6f10449c843&#8243; title_font_size=&#8220;37px&#8220; custom_margin=&#8220;||39px||false|false&#8220; custom_margin_tablet=&#8220;||39px||false|false&#8220; custom_margin_phone=&#8220;||39px||false|false&#8220; custom_margin_last_edited=&#8220;on|desktop&#8220; hover_enabled=&#8220;0&#8243; title_text_align_tablet=&#8220;center&#8220; title_text_align_phone=&#8220;center&#8220; title_text_align_last_edited=&#8220;on|phone&#8220; global_colors_info=&#8220;{%22gcid-9fa4a1b6-767d-41ca-984c-a6f10449c843%22:%91%22title_text_color%22%93}&#8220; sticky_enabled=&#8220;0&#8243;][\/et_pb_heading][et_pb_button button_url=&#8220;@ET-DC@eyJkeW5hbWljIjp0cnVlLCJjb250ZW50IjoicG9zdF9saW5rX3VybF9wYWdlIiwic2V0dGluZ3MiOnsicG9zdF9pZCI6IjMyNyJ9fQ==@&#8220; button_text=&#8220;Zum Projekt&#8220; button_alignment=&#8220;center&#8220; _builder_version=&#8220;4.27.4&#8243; _dynamic_attributes=&#8220;button_url&#8220; _module_preset=&#8220;default&#8220; custom_button=&#8220;on&#8220; button_text_size=&#8220;24px&#8220; button_text_color=&#8220;gcid-primary-color&#8220; button_bg_color=&#8220;gcid-11d3dbbb-f6dc-4fb8-929b-9d6994368d00&#8243; button_border_width=&#8220;0px&#8220; button_border_radius=&#8220;25px&#8220; button_letter_spacing=&#8220;4px&#8220; button_font=&#8220;Manrope|600|||||||&#8220; button_use_icon=&#8220;off&#8220; background_layout=&#8220;dark&#8220; locked=&#8220;off&#8220; global_colors_info=&#8220;{%22gcid-11d3dbbb-f6dc-4fb8-929b-9d6994368d00%22:%91%22button_bg_color%22%93,%22gcid-primary-color%22:%91%22button_text_color%22%93}&#8220;][\/et_pb_button][et_pb_code _builder_version=&#8220;4.27.4&#8243; _module_preset=&#8220;default&#8220; global_colors_info=&#8220;{}&#8220;]<link rel=\"stylesheet\" type=\"text\/css\" href=\"https:\/\/static.immocheckout.app\/bootstrap\/bootstrap-ic-style.css\" \/><!-- [et_pb_line_break_holder] --><!-- [et_pb_line_break_holder] --><\/p>\n<style><!-- [et_pb_line_break_holder] -->\t:root {<!-- [et_pb_line_break_holder] -->\t\t--bs-primary: #3a3a3a !important;<!-- [et_pb_line_break_holder] -->\t\t--bs-secondary: #000000 !important;<!-- [et_pb_line_break_holder] -->\t}<!-- [et_pb_line_break_holder] -->\t<!-- [et_pb_line_break_holder] -->\thtml.ic-modal-active {<!-- [et_pb_line_break_holder] -->\t\toverflow: hidden;<!-- [et_pb_line_break_holder] -->\t}<!-- [et_pb_line_break_holder] --><!-- [et_pb_line_break_holder] -->\tdiv.ic-style div.navigator-kpi {<!-- [et_pb_line_break_holder] -->\t\tpadding-bottom: 1rem;<!-- [et_pb_line_break_holder] -->\t\tpadding-top: 1rem;<!-- [et_pb_line_break_holder] -->\t}<!-- [et_pb_line_break_holder] --><!-- [et_pb_line_break_holder] -->\tdiv.ic-style .modal-body h5 {<!-- [et_pb_line_break_holder] -->\t\tfont-size: 19px;<!-- [et_pb_line_break_holder] -->\t\tmargin: 0;<!-- [et_pb_line_break_holder] -->\t}<!-- [et_pb_line_break_holder] --><!-- [et_pb_line_break_holder] -->\tdiv.ic-style .modal-body hr {<!-- [et_pb_line_break_holder] -->\t\tbackground-color: #3a3a3a;<!-- [et_pb_line_break_holder] -->\t\tmargin: 1rem 0;<!-- [et_pb_line_break_holder] -->\t\topacity: 1;<!-- [et_pb_line_break_holder] -->\t}<!-- [et_pb_line_break_holder] --><!-- [et_pb_line_break_holder] -->\tdiv.ic-style .btn-primary,<!-- [et_pb_line_break_holder] -->\tdiv.ic-style .bg-primary {<!-- [et_pb_line_break_holder] -->\t\tbackground-color: #3a3a3a !important;<!-- [et_pb_line_break_holder] -->\t\tborder-color: #3a3a3a !important;<!-- [et_pb_line_break_holder] -->\t\tcolor: white !important;<!-- [et_pb_line_break_holder] -->\t}<!-- [et_pb_line_break_holder] --><!-- [et_pb_line_break_holder] -->\tdiv.ic-style .btn-primary:hover {<!-- [et_pb_line_break_holder] -->\t\tbackground-color: #3a3a3a !important;<!-- [et_pb_line_break_holder] -->\t\tborder-color: #3a3a3a !important;<!-- [et_pb_line_break_holder] -->\t\tcolor: white !important;<!-- [et_pb_line_break_holder] -->\t}<!-- [et_pb_line_break_holder] --><!-- [et_pb_line_break_holder] -->\tdiv.ic-style .nav-tabs .nav-link:hover{<!-- [et_pb_line_break_holder] -->\t\tborder-color: transparent transparent #e9ecef transparent;<!-- [et_pb_line_break_holder] -->\t}<!-- [et_pb_line_break_holder] --><!-- [et_pb_line_break_holder] -->\tdiv.ic-style .modal-body * {<!-- [et_pb_line_break_holder] -->\t\tcolor: #3a3a3a;<!-- [et_pb_line_break_holder] -->\t}<!-- [et_pb_line_break_holder] --><!-- [et_pb_line_break_holder] -->\tdiv.ic-style .form-check-input[type=\"checkbox\"] {<!-- [et_pb_line_break_holder] -->\t\theight: 1em;<!-- [et_pb_line_break_holder] -->\t}<!-- [et_pb_line_break_holder] -->\tdiv.ic-style .form-check-input:checked {<!-- [et_pb_line_break_holder] -->\t\tbackground-color: #3a3a3a;<!-- [et_pb_line_break_holder] -->\t\tborder-color: #3a3a3a;<!-- [et_pb_line_break_holder] -->\t}<!-- [et_pb_line_break_holder] -->\tdiv.ic-style .form-check-input:focus {<!-- [et_pb_line_break_holder] -->\t\tborder-color: #3a3a3a;<!-- [et_pb_line_break_holder] -->\t\tbox-shadow: none;<!-- [et_pb_line_break_holder] -->\t}<!-- [et_pb_line_break_holder] -->\tdiv.ic-style a,<!-- [et_pb_line_break_holder] -->\tdiv.ic-style a:hover {<!-- [et_pb_line_break_holder] -->\t\tcolor: #3a3a3a;<!-- [et_pb_line_break_holder] -->\t}<!-- [et_pb_line_break_holder] -->  <!-- [et_pb_line_break_holder] -->  #main-header {<!-- [et_pb_line_break_holder] --><!-- [et_pb_line_break_holder] -->  z-index:999;<!-- [et_pb_line_break_holder] --><!-- [et_pb_line_break_holder] -->}<!-- [et_pb_line_break_holder] -->  <!-- [et_pb_line_break_holder] -->  div.ic-style .table {<!-- [et_pb_line_break_holder] --><!-- [et_pb_line_break_holder] -->  --bs-table-bg: transparent;<!-- [et_pb_line_break_holder] --><!-- [et_pb_line_break_holder] -->  --bs-table-accent-bg: transparent;<!-- [et_pb_line_break_holder] --><!-- [et_pb_line_break_holder] -->  --bs-table-striped-color: #212529;<!-- [et_pb_line_break_holder] --><!-- [et_pb_line_break_holder] -->  --bs-table-striped-bg: rgba(0,0,0,0.05);<!-- [et_pb_line_break_holder] --><!-- [et_pb_line_break_holder] -->  --bs-table-active-color: #212529;<!-- [et_pb_line_break_holder] --><!-- [et_pb_line_break_holder] -->  --bs-table-active-bg: rgba(0,0,0,0.1);<!-- [et_pb_line_break_holder] --><!-- [et_pb_line_break_holder] -->  --bs-table-hover-color: #212529;<!-- [et_pb_line_break_holder] --><!-- [et_pb_line_break_holder] -->  --bs-table-hover-bg: rgba(0,0,0,0.075);<!-- [et_pb_line_break_holder] --><!-- [et_pb_line_break_holder] -->  width: 100%;<!-- [et_pb_line_break_holder] --><!-- [et_pb_line_break_holder] -->  margin-bottom: 1rem;<!-- [et_pb_line_break_holder] --><!-- [et_pb_line_break_holder] -->  color: #212529;<!-- [et_pb_line_break_holder] --><!-- [et_pb_line_break_holder] -->  vertical-align: top;<!-- [et_pb_line_break_holder] --><!-- [et_pb_line_break_holder] -->  border-color: #dee2e6;<!-- [et_pb_line_break_holder] --><!-- [et_pb_line_break_holder] -->}<!-- [et_pb_line_break_holder] -->  <!-- [et_pb_line_break_holder] -->  div.ic-style .table > thead {<!-- [et_pb_line_break_holder] -->vertical-align:bottom;<!-- [et_pb_line_break_holder] -->    color: #3a3a3a;<!-- [et_pb_line_break_holder] -->}<!-- [et_pb_line_break_holder] -->  <!-- [et_pb_line_break_holder] --><\/style>\n<p><!-- [et_pb_line_break_holder] --><ic-integration data-id=\"4\"><\/ic-integration><!-- [et_pb_line_break_holder] --><script <!-- [et_pb_line_break_holder] -->    src=\"https:\/\/neumayer.immocheckout.app\/integration\/js\/loader.js\" <!-- [et_pb_line_break_holder] -->    id=\"ic-integration-elementor-widget-ext-js\"<!-- [et_pb_line_break_holder] -->><\/script><!-- [et_pb_line_break_holder] --><script<!-- [et_pb_line_break_holder] -->     src=&#8220;https:\/\/static.immocheckout.app\/bootstrap\/bootstrap.min.js&#8220;<!-- [et_pb_line_break_holder] -->     crossorigin=&#8220;anonymous&#8220;<!-- [et_pb_line_break_holder] -->><\/script>[\/et_pb_code][\/et_pb_column][\/et_pb_row][\/et_pb_section][et_pb_section fb_built=&#8220;1&#8243; admin_label=&#8220;Footer&#8220; _builder_version=&#8220;4.27.4&#8243; _module_preset=&#8220;default&#8220; background_color=&#8220;gcid-body-color&#8220; use_background_color_gradient=&#8220;on&#8220; background_color_gradient_direction=&#8220;360deg&#8220; background_color_gradient_stops=&#8220;rgba(19,60,43,0.62) 0%|rgba(19, 60, 43, 0.86) 0%|gcid-primary-color 100%&#8220; background_color_gradient_overlays_image=&#8220;on&#8220; background_image=&#8220;https:\/\/neumayer-immo.at\/wp-content\/uploads\/2025\/09\/paper-texture.jpg&#8220; saved_tabs=&#8220;all&#8220; collapsed=&#8220;on&#8220; global_colors_info=&#8220;{%22gcid-9fa4a1b6-767d-41ca-984c-a6f10449c843%22:%91%22background_color_gradient_stops%22%93,%22gcid-primary-color%22:%91%22background_color_gradient_stops%22%93,%22gcid-body-color%22:%91%22background_color%22%93}&#8220;][et_pb_row column_structure=&#8220;1_3,1_3,1_3&#8243; _builder_version=&#8220;4.20.0&#8243; _module_preset=&#8220;default&#8220; global_colors_info=&#8220;{}&#8220;][et_pb_column type=&#8220;1_3&#8243; _builder_version=&#8220;4.20.0&#8243; _module_preset=&#8220;default&#8220; global_colors_info=&#8220;{}&#8220;][et_pb_text _builder_version=&#8220;4.27.4&#8243; _module_preset=&#8220;946372fb-195e-47b7-a6fb-c15ed3f5c0ff&#8220; text_font=&#8220;Playfair Display||||||||&#8220; text_text_color=&#8220;gcid-heading-color&#8220; text_font_size=&#8220;15px&#8220; header_4_font=&#8220;Playfair Display|600||on|||||&#8220; header_4_font_size=&#8220;26px&#8220; text_orientation=&#8220;center&#8220; header_4_font_size_tablet=&#8220;22px&#8220; header_4_font_size_phone=&#8220;22px&#8220; global_colors_info=&#8220;{%22gcid-heading-color%22:%91%22text_text_color%22%93,%22gcid-11d3dbbb-f6dc-4fb8-929b-9d6994368d00%22:%91%22header_4_text_color%22%93}&#8220;]<\/p>\n<h4>KONTAKT<\/h4>\n<p>[\/et_pb_text][et_pb_text _builder_version=&#8220;4.27.4&#8243; _module_preset=&#8220;ee53ab0e-a1c1-42d9-a36b-9a89391c2147&#8243; text_font=&#8220;Manrope||||||||&#8220; text_text_color=&#8220;#FFFFFF&#8220; text_line_height=&#8220;1.6em&#8220; custom_margin=&#8220;||10px||false|false&#8220; global_colors_info=&#8220;{}&#8220;]<\/p>\n<div class=\"et_pb_module et_pb_text et_pb_text_6  et_pb_text_align_center et_pb_bg_layout_light\" style=\"text-align: center;\">\n<div class=\"et_pb_text_inner\"><\/div>\n<\/div>\n<div class=\"et_pb_module et_pb_text et_pb_text_7 et_clickable  et_pb_text_align_center et_pb_bg_layout_light\" style=\"text-align: center;\">\n<div class=\"et_pb_text_inner\">\n<p>Neumayer Immobilien GmbH<\/p>\n<p>Oskar Pirlo Stra\u00dfe 11<\/p>\n<p>A-6330 Kufstein, Austria<\/p>\n<\/div>\n<\/div>\n<div class=\"et_pb_module et_pb_text et_pb_text_8  et_pb_text_align_center et_pb_bg_layout_light\" style=\"text-align: center;\">\n<div class=\"et_pb_text_inner\">\n<p>+43 5372 21939<\/p>\n<p><span style=\"font-size: 16px;\">info@neumayer-immo.at<\/span><\/p>\n<\/div>\n<\/div>\n<p>[\/et_pb_text][\/et_pb_column][et_pb_column type=&#8220;1_3&#8243; _builder_version=&#8220;4.20.0&#8243; _module_preset=&#8220;default&#8220; global_colors_info=&#8220;{}&#8220;][et_pb_image src=&#8220;https:\/\/neumayer-immo.at\/wp-content\/uploads\/2025\/09\/Neumayer-Immobilien_Logo_202302_Green.png&#8220; title_text=&#8220;Neumayer Immobilien_Logo_202302_Green&#8220; align=&#8220;center&#8220; _builder_version=&#8220;4.27.4&#8243; _module_preset=&#8220;default&#8220; max_height=&#8220;262px&#8220; global_colors_info=&#8220;{}&#8220;][\/et_pb_image][et_pb_social_media_follow icon_color=&#8220;#000000&#8243; _builder_version=&#8220;4.27.4&#8243; _module_preset=&#8220;default&#8220; text_orientation=&#8220;center&#8220; custom_margin=&#8220;||||false|false&#8220; border_radii=&#8220;on|100px|100px|100px|100px&#8220; locked=&#8220;off&#8220; global_colors_info=&#8220;{}&#8220;][et_pb_social_media_follow_network social_network=&#8220;facebook&#8220; url=&#8220;https:\/\/www.facebook.com\/p\/Neumayer-Immobilien-61568574782807\/&#8220; _builder_version=&#8220;4.27.4&#8243; _module_preset=&#8220;default&#8220; background_color=&#8220;gcid-11d3dbbb-f6dc-4fb8-929b-9d6994368d00&#8243; background_enable_color=&#8220;on&#8220; custom_padding=&#8220;8px|8px|8px|8px|true|true&#8220; global_colors_info=&#8220;{%22gcid-11d3dbbb-f6dc-4fb8-929b-9d6994368d00%22:%91%22background_color%22%93}&#8220; follow_button=&#8220;off&#8220; url_new_window=&#8220;on&#8220;]facebook[\/et_pb_social_media_follow_network][et_pb_social_media_follow_network social_network=&#8220;instagram&#8220; url=&#8220;https:\/\/www.instagram.com\/neumayer_immo\/&#8220; _builder_version=&#8220;4.27.4&#8243; _module_preset=&#8220;default&#8220; background_color=&#8220;gcid-11d3dbbb-f6dc-4fb8-929b-9d6994368d00&#8243; background_enable_color=&#8220;on&#8220; custom_padding=&#8220;8px|8px|8px|8px|true|true&#8220; global_colors_info=&#8220;{%22gcid-11d3dbbb-f6dc-4fb8-929b-9d6994368d00%22:%91%22background_color%22%93}&#8220; follow_button=&#8220;off&#8220; url_new_window=&#8220;on&#8220;]instagram[\/et_pb_social_media_follow_network][et_pb_social_media_follow_network social_network=&#8220;linkedin&#8220; url=&#8220;https:\/\/www.linkedin.com\/company\/neumayer-immo\/?viewAsMember=true&#8220; _builder_version=&#8220;4.27.4&#8243; _module_preset=&#8220;default&#8220; background_color=&#8220;gcid-11d3dbbb-f6dc-4fb8-929b-9d6994368d00&#8243; background_enable_color=&#8220;on&#8220; custom_padding=&#8220;8px|8px|8px|8px|true|true&#8220; global_colors_info=&#8220;{%22gcid-11d3dbbb-f6dc-4fb8-929b-9d6994368d00%22:%91%22background_color%22%93}&#8220; follow_button=&#8220;off&#8220; url_new_window=&#8220;on&#8220;]linkedin[\/et_pb_social_media_follow_network][\/et_pb_social_media_follow][\/et_pb_column][et_pb_column type=&#8220;1_3&#8243; _builder_version=&#8220;4.20.0&#8243; _module_preset=&#8220;default&#8220; global_colors_info=&#8220;{}&#8220;][et_pb_text _builder_version=&#8220;4.27.4&#8243; _module_preset=&#8220;946372fb-195e-47b7-a6fb-c15ed3f5c0ff&#8220; header_4_font=&#8220;Playfair Display|600||on|||||&#8220; header_4_font_size=&#8220;26px&#8220; text_orientation=&#8220;center&#8220; header_4_font_size_tablet=&#8220;22px&#8220; header_4_font_size_phone=&#8220;22px&#8220; locked=&#8220;off&#8220; global_colors_info=&#8220;{%22gcid-heading-color%22:%91%22text_text_color%22%93,%22gcid-11d3dbbb-f6dc-4fb8-929b-9d6994368d00%22:%91%22header_4_text_color%22%93}&#8220;]<\/p>\n<h4>\u00d6FFNUNGSZEITEN<\/h4>\n<p>[\/et_pb_text][et_pb_text _builder_version=&#8220;4.27.4&#8243; _module_preset=&#8220;ee53ab0e-a1c1-42d9-a36b-9a89391c2147&#8243; text_font=&#8220;Manrope||||||||&#8220; text_text_color=&#8220;#FFFFFF&#8220; text_line_height=&#8220;1.6em&#8220; locked=&#8220;off&#8220; global_colors_info=&#8220;{}&#8220;]<\/p>\n<div class=\"et_pb_module et_pb_text et_pb_text_11  et_pb_text_align_center et_pb_bg_layout_light\">\n<div class=\"et_pb_text_inner\">\n<p>Pers\u00f6nliche Termine nach Vereinbarung<\/p>\n<\/div>\n<\/div>\n<div class=\"et_pb_module et_pb_text et_pb_text_12  et_pb_text_align_center et_pb_bg_layout_light\">\n<div class=\"et_pb_text_inner\">\n<p>Tel.: MO-FR 09:00 &#8211; 12:00 &amp; 14:00 &#8211; 17:30<\/p>\n<\/div>\n<\/div>\n<div class=\"et_pb_module et_pb_text et_pb_text_13 et_clickable  et_pb_text_align_center et_pb_bg_layout_light\">\n<div class=\"et_pb_text_inner\"><\/div>\n<\/div>\n<p>[\/et_pb_text][et_pb_text _builder_version=&#8220;4.27.4&#8243; _dynamic_attributes=&#8220;link_option_url&#8220; _module_preset=&#8220;946372fb-195e-47b7-a6fb-c15ed3f5c0ff&#8220; header_4_font=&#8220;Playfair Display|600||on|||||&#8220; header_4_font_size=&#8220;26px&#8220; text_orientation=&#8220;center&#8220; link_option_url=&#8220;@ET-DC@eyJkeW5hbWljIjp0cnVlLCJjb250ZW50IjoicG9zdF9saW5rX3VybF9wYWdlIiwic2V0dGluZ3MiOnsicG9zdF9pZCI6IjM4In19@&#8220; header_4_font_size_tablet=&#8220;22px&#8220; header_4_font_size_phone=&#8220;22px&#8220; locked=&#8220;off&#8220; global_colors_info=&#8220;{%22gcid-heading-color%22:%91%22text_text_color%22%93,%22gcid-11d3dbbb-f6dc-4fb8-929b-9d6994368d00%22:%91%22header_4_text_color%22%93}&#8220;]<\/p>\n<h4>IMPRESSUM<\/h4>\n<p>[\/et_pb_text][et_pb_text _builder_version=&#8220;4.27.4&#8243; _dynamic_attributes=&#8220;link_option_url&#8220; _module_preset=&#8220;946372fb-195e-47b7-a6fb-c15ed3f5c0ff&#8220; header_4_font=&#8220;Playfair Display|600||on|||||&#8220; header_4_font_size=&#8220;26px&#8220; text_orientation=&#8220;center&#8220; link_option_url=&#8220;@ET-DC@eyJkeW5hbWljIjp0cnVlLCJjb250ZW50IjoicG9zdF9saW5rX3VybF9wYWdlIiwic2V0dGluZ3MiOnsicG9zdF9pZCI6IjEyMyJ9fQ==@&#8220; header_4_font_size_tablet=&#8220;22px&#8220; header_4_font_size_phone=&#8220;22px&#8220; header_4_font_size_last_edited=&#8220;on|phone&#8220; locked=&#8220;off&#8220; global_colors_info=&#8220;{%22gcid-heading-color%22:%91%22text_text_color%22%93,%22gcid-11d3dbbb-f6dc-4fb8-929b-9d6994368d00%22:%91%22header_4_text_color%22%93}&#8220;]<\/p>\n<h4>DATENSCHUTZ<\/h4>\n<p>[\/et_pb_text][\/et_pb_column][\/et_pb_row][\/et_pb_section]<\/p>\n","protected":false},"excerpt":{"rendered":"<p>Freie EinheitenKONTAKT Neumayer Immobilien GmbH Oskar Pirlo Stra\u00dfe 11 A-6330 Kufstein, Austria +43 5372 21939 info@neumayer-immo.at \u00d6FFNUNGSZEITEN Pers\u00f6nliche Termine nach Vereinbarung Tel.: MO-FR 09:00 &#8211; 12:00 &amp; 14:00 &#8211; 17:30 IMPRESSUMDATENSCHUTZ<\/p>\n","protected":false},"author":1,"featured_media":0,"parent":0,"menu_order":0,"comment_status":"closed","ping_status":"closed","template":"","meta":{"_et_pb_use_builder":"on","_et_pb_old_content":"<!-- wp:divi\/placeholder \/-->","_et_gb_content_width":"","footnotes":""},"class_list":["post-247","page","type-page","status-publish","hentry"],"_links":{"self":[{"href":"https:\/\/neumayer-immo.at\/index.php\/wp-json\/wp\/v2\/pages\/247","targetHints":{"allow":["GET"]}}],"collection":[{"href":"https:\/\/neumayer-immo.at\/index.php\/wp-json\/wp\/v2\/pages"}],"about":[{"href":"https:\/\/neumayer-immo.at\/index.php\/wp-json\/wp\/v2\/types\/page"}],"author":[{"embeddable":true,"href":"https:\/\/neumayer-immo.at\/index.php\/wp-json\/wp\/v2\/users\/1"}],"replies":[{"embeddable":true,"href":"https:\/\/neumayer-immo.at\/index.php\/wp-json\/wp\/v2\/comments?post=247"}],"version-history":[{"count":7,"href":"https:\/\/neumayer-immo.at\/index.php\/wp-json\/wp\/v2\/pages\/247\/revisions"}],"predecessor-version":[{"id":435,"href":"https:\/\/neumayer-immo.at\/index.php\/wp-json\/wp\/v2\/pages\/247\/revisions\/435"}],"wp:attachment":[{"href":"https:\/\/neumayer-immo.at\/index.php\/wp-json\/wp\/v2\/media?parent=247"}],"curies":[{"name":"wp","href":"https:\/\/api.w.org\/{rel}","templated":true}]}}